{"id":618,"date":"2026-02-20T06:14:06","date_gmt":"2026-02-20T06:14:06","guid":{"rendered":"https:\/\/energypowersystems.website.tuke.sk\/?page_id=618"},"modified":"2026-02-20T06:14:06","modified_gmt":"2026-02-20T06:14:06","slug":"doc-ing-jaroslav-petras-phd","status":"publish","type":"page","link":"https:\/\/energypowersystems.website.tuke.sk\/index.php\/doc-ing-jaroslav-petras-phd\/","title":{"rendered":"doc. Ing.\u00a0Jaroslav\u00a0Petr\u00e1\u0161, PhD."},"content":{"rendered":"\n<div class=\"wp-block-columns is-layout-flex wp-container-core-columns-is-layout-28f84493 wp-block-columns-is-layout-flex\">\n<div class=\"wp-block-column is-layout-flow wp-block-column-is-layout-flow\" style=\"flex-basis:33.33%\">\n<figure class=\"wp-block-image aligncenter size-large is-resized\" style=\"margin-top:var(--wp--preset--spacing--superbspacing-xsmall);margin-bottom:var(--wp--preset--spacing--superbspacing-xsmall)\"><img loading=\"lazy\" decoding=\"async\" width=\"1024\" height=\"1024\" src=\"https:\/\/energypowersystems.website.tuke.sk\/wp-content\/uploads\/2026\/01\/user-1024x1024.png\" alt=\"\" class=\"wp-image-265\" style=\"width:172px;height:auto\" srcset=\"https:\/\/energypowersystems.website.tuke.sk\/wp-content\/uploads\/2026\/01\/user-1024x1024.png 1024w, https:\/\/energypowersystems.website.tuke.sk\/wp-content\/uploads\/2026\/01\/user-300x300.png 300w, https:\/\/energypowersystems.website.tuke.sk\/wp-content\/uploads\/2026\/01\/user-150x150.png 150w, https:\/\/energypowersystems.website.tuke.sk\/wp-content\/uploads\/2026\/01\/user-768x768.png 768w, https:\/\/energypowersystems.website.tuke.sk\/wp-content\/uploads\/2026\/01\/user-1536x1536.png 1536w, https:\/\/energypowersystems.website.tuke.sk\/wp-content\/uploads\/2026\/01\/user.png 1995w\" sizes=\"auto, (max-width: 1024px) 100vw, 1024px\" \/><\/figure>\n\n\n\n<p class=\"has-text-align-center\"><strong>Technick\u00e1 univerzita v Ko\u0161iciach<br>Fakulta elektrotechniky a informatiky<br>Katedra elektroenergetiky<\/strong><\/p>\n\n\n\n<h4 class=\"wp-block-heading has-text-align-center\">H-index: 6 | Cit\u00e1cie: >95<\/h4>\n\n\n\n<div class=\"wp-block-group is-nowrap is-layout-flex wp-container-core-group-is-layout-6c531013 wp-block-group-is-layout-flex\">\n<div class=\"wp-block-group is-nowrap is-layout-flex wp-container-core-group-is-layout-6c531013 wp-block-group-is-layout-flex\">\n<figure class=\"wp-block-image aligncenter size-large is-resized is-style-default\"><a href=\"https:\/\/www.webofscience.com\/wos\/author\/record\/1331084\"><img loading=\"lazy\" decoding=\"async\" width=\"930\" height=\"1024\" src=\"https:\/\/energypowersystems.website.tuke.sk\/wp-content\/uploads\/2026\/01\/WOS-930x1024.png\" alt=\"\" class=\"wp-image-270\" style=\"object-fit:cover;width:30px;height:30px\" srcset=\"https:\/\/energypowersystems.website.tuke.sk\/wp-content\/uploads\/2026\/01\/WOS-930x1024.png 930w, https:\/\/energypowersystems.website.tuke.sk\/wp-content\/uploads\/2026\/01\/WOS-273x300.png 273w, https:\/\/energypowersystems.website.tuke.sk\/wp-content\/uploads\/2026\/01\/WOS-768x845.png 768w, https:\/\/energypowersystems.website.tuke.sk\/wp-content\/uploads\/2026\/01\/WOS-1395x1536.png 1395w, https:\/\/energypowersystems.website.tuke.sk\/wp-content\/uploads\/2026\/01\/WOS.png 1420w\" sizes=\"auto, (max-width: 930px) 100vw, 930px\" \/><\/a><\/figure>\n<\/div>\n\n\n\n<p><strong><a href=\"https:\/\/www.webofscience.com\/wos\/author\/record\/1922401\">Web of Science: AAA-7628-2020<\/a><\/strong><\/p>\n<\/div>\n\n\n\n<div class=\"wp-block-group is-nowrap is-layout-flex wp-container-core-group-is-layout-6c531013 wp-block-group-is-layout-flex\">\n<div class=\"wp-block-group is-nowrap is-layout-flex wp-container-core-group-is-layout-6c531013 wp-block-group-is-layout-flex\">\n<figure class=\"wp-block-image aligncenter size-full is-resized\"><a href=\"https:\/\/orcid.org\/0000-0003-1625-2723\"><img loading=\"lazy\" decoding=\"async\" width=\"500\" height=\"500\" src=\"https:\/\/energypowersystems.website.tuke.sk\/wp-content\/uploads\/2026\/01\/ORCID.png\" alt=\"\" class=\"wp-image-269\" style=\"object-fit:cover;width:30px;height:30px\" srcset=\"https:\/\/energypowersystems.website.tuke.sk\/wp-content\/uploads\/2026\/01\/ORCID.png 500w, https:\/\/energypowersystems.website.tuke.sk\/wp-content\/uploads\/2026\/01\/ORCID-300x300.png 300w, https:\/\/energypowersystems.website.tuke.sk\/wp-content\/uploads\/2026\/01\/ORCID-150x150.png 150w\" sizes=\"auto, (max-width: 500px) 100vw, 500px\" \/><\/a><\/figure>\n<\/div>\n\n\n\n<p><a href=\"https:\/\/orcid.org\/0000-0003-1625-2723\"><strong>ORCID: 0000-0003-1625-2723<\/strong><\/a><\/p>\n<\/div>\n\n\n\n<div class=\"wp-block-group is-nowrap is-layout-flex wp-container-core-group-is-layout-6c531013 wp-block-group-is-layout-flex\">\n<div class=\"wp-block-group is-nowrap is-layout-flex wp-container-core-group-is-layout-6c531013 wp-block-group-is-layout-flex\">\n<figure class=\"wp-block-image aligncenter size-full is-resized is-style-default\"><a href=\"https:\/\/www.scopus.com\/authid\/detail.uri?authorId=36242063300\"><img loading=\"lazy\" decoding=\"async\" width=\"256\" height=\"256\" src=\"https:\/\/energypowersystems.website.tuke.sk\/wp-content\/uploads\/2026\/01\/Scopus.png\" alt=\"\" class=\"wp-image-271\" style=\"object-fit:cover;width:30px;height:30px\" srcset=\"https:\/\/energypowersystems.website.tuke.sk\/wp-content\/uploads\/2026\/01\/Scopus.png 256w, https:\/\/energypowersystems.website.tuke.sk\/wp-content\/uploads\/2026\/01\/Scopus-150x150.png 150w\" sizes=\"auto, (max-width: 256px) 100vw, 256px\" \/><\/a><\/figure>\n<\/div>\n\n\n\n<p><strong><a href=\"https:\/\/www.scopus.com\/authid\/detail.uri?authorId=36242063300\">Scopus ID: 36242063300<\/a> <\/strong><\/p>\n<\/div>\n\n\n\n<div class=\"wp-block-group is-nowrap is-layout-flex wp-container-core-group-is-layout-6c531013 wp-block-group-is-layout-flex\">\n<div class=\"wp-block-group is-nowrap is-layout-flex wp-container-core-group-is-layout-6c531013 wp-block-group-is-layout-flex\">\n<figure class=\"wp-block-image aligncenter size-full is-resized is-style-default\"><a href=\"https:\/\/kee.fei.tuke.sk\/?page_id=209\"><img loading=\"lazy\" decoding=\"async\" width=\"2000\" height=\"2000\" src=\"https:\/\/energypowersystems.website.tuke.sk\/wp-content\/uploads\/2026\/02\/Contack.png\" alt=\"\" class=\"wp-image-532\" style=\"object-fit:cover;width:30px;height:30px\" srcset=\"https:\/\/energypowersystems.website.tuke.sk\/wp-content\/uploads\/2026\/02\/Contack.png 2000w, https:\/\/energypowersystems.website.tuke.sk\/wp-content\/uploads\/2026\/02\/Contack-300x300.png 300w, https:\/\/energypowersystems.website.tuke.sk\/wp-content\/uploads\/2026\/02\/Contack-1024x1024.png 1024w, https:\/\/energypowersystems.website.tuke.sk\/wp-content\/uploads\/2026\/02\/Contack-150x150.png 150w, https:\/\/energypowersystems.website.tuke.sk\/wp-content\/uploads\/2026\/02\/Contack-768x768.png 768w, https:\/\/energypowersystems.website.tuke.sk\/wp-content\/uploads\/2026\/02\/Contack-1536x1536.png 1536w\" sizes=\"auto, (max-width: 2000px) 100vw, 2000px\" \/><\/a><\/figure>\n<\/div>\n\n\n\n<p><strong><a href=\"https:\/\/kee.fei.tuke.sk\/?page_id=209\">Kontakt<\/a><\/strong><\/p>\n<\/div>\n<\/div>\n\n\n\n<div class=\"wp-block-column is-layout-flow wp-block-column-is-layout-flow\" style=\"flex-basis:66.66%\">\n<h3 class=\"wp-block-heading\">Oblasti v\u00fdskumu:<\/h3>\n\n\n\n<p><strong>Smart Home &amp; Automatiz\u00e1cia<\/strong> (KNX, iNELS)<\/p>\n\n\n\n<p><strong>Big Data v energetike<\/strong> (Spolupr\u00edca s VSD)<\/p>\n\n\n\n<p><strong>VN Diagnostika<\/strong> (\u010ciastkov\u00e9 v\u00fdboje a izol\u00e1cie)<\/p>\n\n\n\n<h4 class=\"wp-block-heading\">K\u013e\u00fa\u010dov\u00e9 slov\u00e1:<\/h4>\n\n\n\n<p><strong><em>Smart Home, automatiz\u00e1cia budov (KNX, iNELS), Big Data v energetike, anal\u00fdza d\u00e1t VSD, diagnostika vysok\u00e9ho nap\u00e4tia, \u010diastkov\u00e9 v\u00fdboje.<\/em><\/strong><\/p>\n\n\n\n<h3 class=\"wp-block-heading\">Pou\u017e\u00edvan\u00e9 met\u00f3dy, technol\u00f3gie alebo pr\u00edstupy:<\/h3>\n\n\n\n<p>Aplik\u00e1cia merac\u00edch met\u00f3d na detekciu a anal\u00fdzu v\u00fdvojovej aktivity v\u00fdbojov v izola\u010dn\u00fdch syst\u00e9moch.<\/p>\n\n\n\n<p>V\u00fdvoj aplik\u00e1ci\u00ed a datab\u00e1zov\u00fdch syst\u00e9mov s vyu\u017eit\u00edm jazykov <strong>C, Kotlin, Python, JavaScript, PHP<\/strong> a <strong>SQL<\/strong>.<\/p>\n\n\n\n<p>N\u00e1vrh a konfigur\u00e1cia automatizovan\u00fdch elektroin\u0161tal\u00e1ci\u00ed na b\u00e1ze \u0161tandardu <strong>KNX\/EIB<\/strong>.<\/p>\n\n\n\n<p>Parametriz\u00e1cia a riadenie inteligentn\u00fdch rie\u0161en\u00ed pre automatiz\u00e1ciu budov a priemyseln\u00fdch objektov.<\/p>\n\n\n\n<p>Prep\u00e1janie softv\u00e9rov\u00fdch rie\u0161en\u00ed s hardv\u00e9rovou vrstvou pre efekt\u00edvny zber a spracovanie prev\u00e1dzkov\u00fdch d\u00e1t.<\/p>\n\n\n\n<h3 class=\"wp-block-heading\">Ved\u00faci laborat\u00f3ria:<\/h3>\n\n\n\n<h4 class=\"wp-block-heading\"><strong>Laborat\u00f3rium automatizovan\u00fdch elektroin\u0161tala\u010dn\u00fdch syst\u00e9mov<\/strong><\/h4>\n<\/div>\n<\/div>\n\n\n\n<p><\/p>\n","protected":false},"excerpt":{"rendered":"<p>Technick\u00e1 univerzita v Ko\u0161iciachFakulta elektrotechniky a informatikyKatedra elektroenergetiky H-index: 6 | Cit\u00e1cie: >95 Web of Science: AAA-7628-2020 ORCID: 0000-0003-1625-2723 Scopus ID: 36242063300 Kontakt Oblasti v\u00fdskumu: Smart Home &amp; Automatiz\u00e1cia (KNX, iNELS) Big Data v energetike (Spolupr\u00edca s VSD) VN Diagnostika (\u010ciastkov\u00e9 v\u00fdboje a izol\u00e1cie) K\u013e\u00fa\u010dov\u00e9 slov\u00e1: Smart Home, automatiz\u00e1cia budov (KNX, iNELS), Big Data v [&hellip;]<\/p>\n","protected":false},"author":3,"featured_media":0,"parent":0,"menu_order":0,"comment_status":"closed","ping_status":"closed","template":"","meta":{"footnotes":""},"class_list":["post-618","page","type-page","status-publish","hentry"],"_links":{"self":[{"href":"https:\/\/energypowersystems.website.tuke.sk\/index.php\/wp-json\/wp\/v2\/pages\/618","targetHints":{"allow":["GET"]}}],"collection":[{"href":"https:\/\/energypowersystems.website.tuke.sk\/index.php\/wp-json\/wp\/v2\/pages"}],"about":[{"href":"https:\/\/energypowersystems.website.tuke.sk\/index.php\/wp-json\/wp\/v2\/types\/page"}],"author":[{"embeddable":true,"href":"https:\/\/energypowersystems.website.tuke.sk\/index.php\/wp-json\/wp\/v2\/users\/3"}],"replies":[{"embeddable":true,"href":"https:\/\/energypowersystems.website.tuke.sk\/index.php\/wp-json\/wp\/v2\/comments?post=618"}],"version-history":[{"count":3,"href":"https:\/\/energypowersystems.website.tuke.sk\/index.php\/wp-json\/wp\/v2\/pages\/618\/revisions"}],"predecessor-version":[{"id":621,"href":"https:\/\/energypowersystems.website.tuke.sk\/index.php\/wp-json\/wp\/v2\/pages\/618\/revisions\/621"}],"wp:attachment":[{"href":"https:\/\/energypowersystems.website.tuke.sk\/index.php\/wp-json\/wp\/v2\/media?parent=618"}],"curies":[{"name":"wp","href":"https:\/\/api.w.org\/{rel}","templated":true}]}}