{"id":624,"date":"2026-02-20T06:24:14","date_gmt":"2026-02-20T06:24:14","guid":{"rendered":"https:\/\/energypowersystems.website.tuke.sk\/?page_id=624"},"modified":"2026-02-20T06:24:14","modified_gmt":"2026-02-20T06:24:14","slug":"doc-ing-dusan-medved-phd","status":"publish","type":"page","link":"https:\/\/energypowersystems.website.tuke.sk\/index.php\/doc-ing-dusan-medved-phd\/","title":{"rendered":"doc. Ing.\u00a0Du\u0161an\u00a0Medve\u010f, PhD."},"content":{"rendered":"\n<div class=\"wp-block-columns is-layout-flex wp-container-core-columns-is-layout-28f84493 wp-block-columns-is-layout-flex\">\n<div class=\"wp-block-column is-layout-flow wp-block-column-is-layout-flow\" style=\"flex-basis:33.33%\">\n<figure class=\"wp-block-image aligncenter size-large is-resized\" style=\"margin-top:var(--wp--preset--spacing--superbspacing-xsmall);margin-bottom:var(--wp--preset--spacing--superbspacing-xsmall)\"><img loading=\"lazy\" decoding=\"async\" width=\"1024\" height=\"1024\" src=\"https:\/\/energypowersystems.website.tuke.sk\/wp-content\/uploads\/2026\/01\/user-1024x1024.png\" alt=\"\" class=\"wp-image-265\" style=\"width:172px;height:auto\" srcset=\"https:\/\/energypowersystems.website.tuke.sk\/wp-content\/uploads\/2026\/01\/user-1024x1024.png 1024w, https:\/\/energypowersystems.website.tuke.sk\/wp-content\/uploads\/2026\/01\/user-300x300.png 300w, https:\/\/energypowersystems.website.tuke.sk\/wp-content\/uploads\/2026\/01\/user-150x150.png 150w, https:\/\/energypowersystems.website.tuke.sk\/wp-content\/uploads\/2026\/01\/user-768x768.png 768w, https:\/\/energypowersystems.website.tuke.sk\/wp-content\/uploads\/2026\/01\/user-1536x1536.png 1536w, https:\/\/energypowersystems.website.tuke.sk\/wp-content\/uploads\/2026\/01\/user.png 1995w\" sizes=\"auto, (max-width: 1024px) 100vw, 1024px\" \/><\/figure>\n\n\n\n<p class=\"has-text-align-center\"><strong>Technick\u00e1 univerzita v Ko\u0161iciach<br>Fakulta elektrotechniky a informatiky<br>Katedra elektroenergetiky<\/strong><\/p>\n\n\n\n<h4 class=\"wp-block-heading has-text-align-center\">H-index: 8 | Cit\u00e1cie: >240<\/h4>\n\n\n\n<div class=\"wp-block-group is-nowrap is-layout-flex wp-container-core-group-is-layout-6c531013 wp-block-group-is-layout-flex\">\n<div class=\"wp-block-group is-nowrap is-layout-flex wp-container-core-group-is-layout-6c531013 wp-block-group-is-layout-flex\">\n<figure class=\"wp-block-image aligncenter size-large is-resized is-style-default\"><a href=\"https:\/\/www.webofscience.com\/wos\/author\/record\/1880924\"><img loading=\"lazy\" decoding=\"async\" width=\"930\" height=\"1024\" src=\"https:\/\/energypowersystems.website.tuke.sk\/wp-content\/uploads\/2026\/01\/WOS-930x1024.png\" alt=\"\" class=\"wp-image-270\" style=\"object-fit:cover;width:30px;height:30px\" srcset=\"https:\/\/energypowersystems.website.tuke.sk\/wp-content\/uploads\/2026\/01\/WOS-930x1024.png 930w, https:\/\/energypowersystems.website.tuke.sk\/wp-content\/uploads\/2026\/01\/WOS-273x300.png 273w, https:\/\/energypowersystems.website.tuke.sk\/wp-content\/uploads\/2026\/01\/WOS-768x845.png 768w, https:\/\/energypowersystems.website.tuke.sk\/wp-content\/uploads\/2026\/01\/WOS-1395x1536.png 1395w, https:\/\/energypowersystems.website.tuke.sk\/wp-content\/uploads\/2026\/01\/WOS.png 1420w\" sizes=\"auto, (max-width: 930px) 100vw, 930px\" \/><\/a><\/figure>\n<\/div>\n\n\n\n<p><a href=\"https:\/\/www.webofscience.com\/wos\/author\/record\/1880924\"><strong>Web of Science: AAC-3919-2019<\/strong><\/a><\/p>\n<\/div>\n\n\n\n<div class=\"wp-block-group is-nowrap is-layout-flex wp-container-core-group-is-layout-6c531013 wp-block-group-is-layout-flex\">\n<div class=\"wp-block-group is-nowrap is-layout-flex wp-container-core-group-is-layout-6c531013 wp-block-group-is-layout-flex\">\n<figure class=\"wp-block-image aligncenter size-full is-resized\"><a href=\"https:\/\/orcid.org\/0000-0002-8386-0000\"><img loading=\"lazy\" decoding=\"async\" width=\"500\" height=\"500\" src=\"https:\/\/energypowersystems.website.tuke.sk\/wp-content\/uploads\/2026\/01\/ORCID.png\" alt=\"\" class=\"wp-image-269\" style=\"object-fit:cover;width:30px;height:30px\" srcset=\"https:\/\/energypowersystems.website.tuke.sk\/wp-content\/uploads\/2026\/01\/ORCID.png 500w, https:\/\/energypowersystems.website.tuke.sk\/wp-content\/uploads\/2026\/01\/ORCID-300x300.png 300w, https:\/\/energypowersystems.website.tuke.sk\/wp-content\/uploads\/2026\/01\/ORCID-150x150.png 150w\" sizes=\"auto, (max-width: 500px) 100vw, 500px\" \/><\/a><\/figure>\n<\/div>\n\n\n\n<p><a href=\"https:\/\/orcid.org\/0000-0002-8386-0000\"><strong>ORCID: 0000-0002-8386-0000<\/strong><\/a><\/p>\n<\/div>\n\n\n\n<div class=\"wp-block-group is-nowrap is-layout-flex wp-container-core-group-is-layout-6c531013 wp-block-group-is-layout-flex\">\n<div class=\"wp-block-group is-nowrap is-layout-flex wp-container-core-group-is-layout-6c531013 wp-block-group-is-layout-flex\">\n<figure class=\"wp-block-image aligncenter size-full is-resized is-style-default\"><a href=\"https:\/\/www.scopus.com\/authid\/detail.uri?authorId=56119589000\"><img loading=\"lazy\" decoding=\"async\" width=\"256\" height=\"256\" src=\"https:\/\/energypowersystems.website.tuke.sk\/wp-content\/uploads\/2026\/01\/Scopus.png\" alt=\"\" class=\"wp-image-271\" style=\"object-fit:cover;width:30px;height:30px\" srcset=\"https:\/\/energypowersystems.website.tuke.sk\/wp-content\/uploads\/2026\/01\/Scopus.png 256w, https:\/\/energypowersystems.website.tuke.sk\/wp-content\/uploads\/2026\/01\/Scopus-150x150.png 150w\" sizes=\"auto, (max-width: 256px) 100vw, 256px\" \/><\/a><\/figure>\n<\/div>\n\n\n\n<p><strong><a href=\"https:\/\/www.scopus.com\/authid\/detail.uri?authorId=56119589000\">Scopus ID: 56119589000<\/a> <\/strong><\/p>\n<\/div>\n\n\n\n<div class=\"wp-block-group is-nowrap is-layout-flex wp-container-core-group-is-layout-6c531013 wp-block-group-is-layout-flex\">\n<div class=\"wp-block-group is-nowrap is-layout-flex wp-container-core-group-is-layout-6c531013 wp-block-group-is-layout-flex\">\n<figure class=\"wp-block-image aligncenter size-full is-resized is-style-default\"><a href=\"https:\/\/www.researchgate.net\/scientific-contributions\/Dusan-Medved-2059979658\"><img loading=\"lazy\" decoding=\"async\" width=\"512\" height=\"512\" src=\"https:\/\/energypowersystems.website.tuke.sk\/wp-content\/uploads\/2026\/01\/Researchgate.png\" alt=\"\" class=\"wp-image-267\" style=\"object-fit:cover;width:30px;height:30px\" srcset=\"https:\/\/energypowersystems.website.tuke.sk\/wp-content\/uploads\/2026\/01\/Researchgate.png 512w, https:\/\/energypowersystems.website.tuke.sk\/wp-content\/uploads\/2026\/01\/Researchgate-300x300.png 300w, https:\/\/energypowersystems.website.tuke.sk\/wp-content\/uploads\/2026\/01\/Researchgate-150x150.png 150w\" sizes=\"auto, (max-width: 512px) 100vw, 512px\" \/><\/a><\/figure>\n<\/div>\n\n\n\n<p><strong><a href=\"https:\/\/www.researchgate.net\/scientific-contributions\/Dusan-Medved-2059979658\">ResearchGate profil<\/a><\/strong><\/p>\n<\/div>\n\n\n\n<div class=\"wp-block-group is-nowrap is-layout-flex wp-container-core-group-is-layout-6c531013 wp-block-group-is-layout-flex\">\n<div class=\"wp-block-group is-nowrap is-layout-flex wp-container-core-group-is-layout-6c531013 wp-block-group-is-layout-flex\">\n<figure class=\"wp-block-image aligncenter size-full is-resized is-style-default\"><a href=\"https:\/\/kee.fei.tuke.sk\/?page_id=209\"><img loading=\"lazy\" decoding=\"async\" width=\"2000\" height=\"2000\" src=\"https:\/\/energypowersystems.website.tuke.sk\/wp-content\/uploads\/2026\/02\/Contack.png\" alt=\"\" class=\"wp-image-532\" style=\"object-fit:cover;width:30px;height:30px\" srcset=\"https:\/\/energypowersystems.website.tuke.sk\/wp-content\/uploads\/2026\/02\/Contack.png 2000w, https:\/\/energypowersystems.website.tuke.sk\/wp-content\/uploads\/2026\/02\/Contack-300x300.png 300w, https:\/\/energypowersystems.website.tuke.sk\/wp-content\/uploads\/2026\/02\/Contack-1024x1024.png 1024w, https:\/\/energypowersystems.website.tuke.sk\/wp-content\/uploads\/2026\/02\/Contack-150x150.png 150w, https:\/\/energypowersystems.website.tuke.sk\/wp-content\/uploads\/2026\/02\/Contack-768x768.png 768w, https:\/\/energypowersystems.website.tuke.sk\/wp-content\/uploads\/2026\/02\/Contack-1536x1536.png 1536w\" sizes=\"auto, (max-width: 2000px) 100vw, 2000px\" \/><\/a><\/figure>\n<\/div>\n\n\n\n<p><strong><a href=\"https:\/\/kee.fei.tuke.sk\/?page_id=209\">Kontakt<\/a><\/strong><\/p>\n<\/div>\n<\/div>\n\n\n\n<div class=\"wp-block-column is-layout-flow wp-block-column-is-layout-flow\" style=\"flex-basis:66.66%\">\n<h3 class=\"wp-block-heading\">Oblasti v\u00fdskumu:<\/h3>\n\n\n\n<p><strong>Elektromobilita<\/strong> (Infra\u0161trukt\u00fara a nab\u00edjanie)<\/p>\n\n\n\n<p><strong>Akumul\u00e1cia energie<\/strong> (Bat\u00e9riov\u00e9 syst\u00e9my a \u00falo\u017eisk\u00e1)<\/p>\n\n\n\n<p><strong>Smart Grids<\/strong> (Mikrosiete a lok\u00e1lne syst\u00e9my)<\/p>\n\n\n\n<p><strong>Obnovite\u013en\u00e9 zdroje<\/strong> (Integr\u00e1cia a kvalita siete)<\/p>\n\n\n\n<p><strong>Simul\u00e1cie pol\u00ed<\/strong> (Elektromagnetick\u00e1 a teplotn\u00e1 anal\u00fdza)<\/p>\n\n\n\n<h4 class=\"wp-block-heading\">K\u013e\u00fa\u010dov\u00e9 slov\u00e1:<\/h4>\n\n\n\n<p><strong><em><strong>K\u013e\u00fa\u010dov\u00e9 slov\u00e1: Elektromobilita, nab\u00edjacia infra\u0161trukt\u00fara, akumul\u00e1cia energie, microgrids, elektromagnetick\u00e9 a teplotn\u00e9 polia, integr\u00e1cia obnovite\u013en\u00e9 zdroje energie, kvalita elektrickej energie.<\/strong><\/em><\/strong><\/p>\n\n\n\n<h3 class=\"wp-block-heading\">Pou\u017e\u00edvan\u00e9 met\u00f3dy, technol\u00f3gie alebo pr\u00edstupy:<\/h3>\n\n\n\n<p>Analytick\u00e9 a simula\u010dn\u00e9 v\u00fdpo\u010dty prev\u00e1dzky, stability a tokov v\u00fdkonov v sie\u0165ach.<\/p>\n\n\n\n<p>Pokro\u010dil\u00e9 modelovanie elektromagnetick\u00fdch a teplotn\u00fdch pol\u00ed pomocou met\u00f3dy kone\u010dn\u00fdch prvkov (FEM).<\/p>\n\n\n\n<p>V\u00fdvoj dynamick\u00fdch modelov, riadiacich algoritmov a anal\u00fdza prechodn\u00fdch javov v energetick\u00fdch syst\u00e9moch.<\/p>\n\n\n\n<p>Realiz\u00e1cia komplexn\u00fdch meran\u00ed elektrick\u00fdch, magnetick\u00fdch a tepeln\u00fdch parametrov v laborat\u00f3rnych i prev\u00e1dzkov\u00fdch podmienkach.<\/p>\n\n\n\n<p>Pokro\u010dil\u00e9 matematick\u00e9 vyhodnocovanie nameran\u00fdch \u00fadajov, filtr\u00e1cia sign\u00e1lov a \u0161tatistick\u00e1 anal\u00fdza.<\/p>\n\n\n\n<p>Metodika \u201eHardware-in-the-loop\u201c alebo kalibr\u00e1cia simula\u010dn\u00fdch modelov pod\u013ea re\u00e1lne nameran\u00fdch d\u00e1t pre dosiahnutie vysokej presnosti predikci\u00ed.<\/p>\n\n\n\n<h3 class=\"wp-block-heading\">Ved\u00faci laborat\u00f3ria:<\/h3>\n\n\n\n<h4 class=\"wp-block-heading\">Laborat\u00f3rium SmartIndustryLab<\/h4>\n<\/div>\n<\/div>\n\n\n\n<p><\/p>\n","protected":false},"excerpt":{"rendered":"<p>Technick\u00e1 univerzita v Ko\u0161iciachFakulta elektrotechniky a informatikyKatedra elektroenergetiky H-index: 8 | Cit\u00e1cie: >240 Web of Science: AAC-3919-2019 ORCID: 0000-0002-8386-0000 Scopus ID: 56119589000 ResearchGate profil Kontakt Oblasti v\u00fdskumu: Elektromobilita (Infra\u0161trukt\u00fara a nab\u00edjanie) Akumul\u00e1cia energie (Bat\u00e9riov\u00e9 syst\u00e9my a \u00falo\u017eisk\u00e1) Smart Grids (Mikrosiete a lok\u00e1lne syst\u00e9my) Obnovite\u013en\u00e9 zdroje (Integr\u00e1cia a kvalita siete) Simul\u00e1cie pol\u00ed (Elektromagnetick\u00e1 a teplotn\u00e1 anal\u00fdza) [&hellip;]<\/p>\n","protected":false},"author":3,"featured_media":0,"parent":0,"menu_order":0,"comment_status":"closed","ping_status":"closed","template":"","meta":{"footnotes":""},"class_list":["post-624","page","type-page","status-publish","hentry"],"_links":{"self":[{"href":"https:\/\/energypowersystems.website.tuke.sk\/index.php\/wp-json\/wp\/v2\/pages\/624","targetHints":{"allow":["GET"]}}],"collection":[{"href":"https:\/\/energypowersystems.website.tuke.sk\/index.php\/wp-json\/wp\/v2\/pages"}],"about":[{"href":"https:\/\/energypowersystems.website.tuke.sk\/index.php\/wp-json\/wp\/v2\/types\/page"}],"author":[{"embeddable":true,"href":"https:\/\/energypowersystems.website.tuke.sk\/index.php\/wp-json\/wp\/v2\/users\/3"}],"replies":[{"embeddable":true,"href":"https:\/\/energypowersystems.website.tuke.sk\/index.php\/wp-json\/wp\/v2\/comments?post=624"}],"version-history":[{"count":3,"href":"https:\/\/energypowersystems.website.tuke.sk\/index.php\/wp-json\/wp\/v2\/pages\/624\/revisions"}],"predecessor-version":[{"id":627,"href":"https:\/\/energypowersystems.website.tuke.sk\/index.php\/wp-json\/wp\/v2\/pages\/624\/revisions\/627"}],"wp:attachment":[{"href":"https:\/\/energypowersystems.website.tuke.sk\/index.php\/wp-json\/wp\/v2\/media?parent=624"}],"curies":[{"name":"wp","href":"https:\/\/api.w.org\/{rel}","templated":true}]}}